{"id":2371,"date":"2025-08-01T10:49:23","date_gmt":"2025-08-01T10:49:23","guid":{"rendered":"https:\/\/massage-studio-aura.at\/massagen\/"},"modified":"2025-08-06T10:22:05","modified_gmt":"2025-08-06T10:22:05","slug":"massagen","status":"publish","type":"page","link":"https:\/\/massage-studio-aura.at\/de\/massagen\/","title":{"rendered":"Massagen"},"content":{"rendered":"\t\t<div data-elementor-type=\"wp-page\" data-elementor-id=\"2371\" class=\"elementor elementor-2371 elementor-2134\" data-elementor-post-type=\"page\">\n\t\t\t\t<div class=\"elementor-element elementor-element-8fd5308 e-flex e-con-boxed e-con e-parent\" data-id=\"8fd5308\" data-element_type=\"container\" data-e-type=\"container\" data-settings=\"{&quot;background_background&quot;:&quot;classic&quot;}\">\n\t\t\t\t\t<div class=\"e-con-inner\">\n\t\t<div class=\"elementor-element elementor-element-17ced38 e-con-full e-flex e-con e-child\" data-id=\"17ced38\" data-element_type=\"container\" data-e-type=\"container\">\n\t\t\t\t<div class=\"elementor-element elementor-element-e89582e elementor-widget elementor-widget-heading\" data-id=\"e89582e\" data-element_type=\"widget\" data-e-type=\"widget\" data-widget_type=\"heading.default\">\n\t\t\t\t<div class=\"elementor-widget-container\">\n\t\t\t\t\t<h6 class=\"elementor-heading-title elementor-size-default\">Lernen Sie unsere kennen<\/h6>\t\t\t\t<\/div>\n\t\t\t\t<\/div>\n\t\t\t\t<div class=\"elementor-element elementor-element-2b7c4ba elementor-widget elementor-widget-heading\" data-id=\"2b7c4ba\" data-element_type=\"widget\" data-e-type=\"widget\" data-widget_type=\"heading.default\">\n\t\t\t\t<div class=\"elementor-widget-container\">\n\t\t\t\t\t<h1 class=\"elementor-heading-title elementor-size-default\">Massagen<\/h1>\t\t\t\t<\/div>\n\t\t\t\t<\/div>\n\t\t\t\t<\/div>\n\t\t\t\t\t<\/div>\n\t\t\t\t<\/div>\n\t\t<div class=\"elementor-element elementor-element-78aade58 e-flex e-con-boxed e-con e-parent\" data-id=\"78aade58\" data-element_type=\"container\" data-e-type=\"container\" id=\"massages\" data-settings=\"{&quot;background_background&quot;:&quot;classic&quot;}\">\n\t\t\t\t\t<div class=\"e-con-inner\">\n\t\t<div class=\"elementor-element elementor-element-32019755 e-con-full e-flex e-con e-child\" data-id=\"32019755\" data-element_type=\"container\" data-e-type=\"container\">\n\t\t<div class=\"elementor-element elementor-element-365c0de4 e-con-full e-flex e-con e-child\" data-id=\"365c0de4\" data-element_type=\"container\" data-e-type=\"container\">\n\t\t<div class=\"elementor-element elementor-element-58f4c8b e-con-full e-flex e-con e-child\" data-id=\"58f4c8b\" data-element_type=\"container\" data-e-type=\"container\" data-settings=\"{&quot;background_background&quot;:&quot;classic&quot;}\">\n\t\t\t\t<div class=\"elementor-element elementor-element-741813 elementor-widget elementor-widget-heading\" data-id=\"741813\" data-element_type=\"widget\" data-e-type=\"widget\" data-widget_type=\"heading.default\">\n\t\t\t\t<div class=\"elementor-widget-container\">\n\t\t\t\t\t<h6 class=\"elementor-heading-title elementor-size-default\">01.<\/h6>\t\t\t\t<\/div>\n\t\t\t\t<\/div>\n\t\t\t\t<div class=\"elementor-element elementor-element-4d7402a7 elementor-widget elementor-widget-heading\" data-id=\"4d7402a7\" data-element_type=\"widget\" data-e-type=\"widget\" data-widget_type=\"heading.default\">\n\t\t\t\t<div class=\"elementor-widget-container\">\n\t\t\t\t\t<h3 class=\"elementor-heading-title elementor-size-default\">Sinnliches Tantra <\/h3>\t\t\t\t<\/div>\n\t\t\t\t<\/div>\n\t\t\t\t<div class=\"elementor-element elementor-element-13bd04d8 elementor-widget elementor-widget-text-editor\" data-id=\"13bd04d8\" data-element_type=\"widget\" data-e-type=\"widget\" data-widget_type=\"text-editor.default\">\n\t\t\t\t<div class=\"elementor-widget-container\">\n\t\t\t\t\t\t\t\t\t<p>Tantra ist eine sinnliche K\u00f6rper-zu-K\u00f6rper-Massage, eine transformative Erfahrung, die in alter Tradition verwurzelt ist. Sie erweckt die Sinne, l\u00f6st Verspannungen durch sinnliche und achtsame Ber\u00fchrung und bringt K\u00f6rper, Geist und Seele in Einklang.<\/p>\t\t\t\t\t\t\t\t<\/div>\n\t\t\t\t<\/div>\n\t\t\t\t<\/div>\n\t\t<div class=\"elementor-element elementor-element-52ba4d35 e-con-full e-flex e-con e-child\" data-id=\"52ba4d35\" data-element_type=\"container\" data-e-type=\"container\" data-settings=\"{&quot;background_background&quot;:&quot;classic&quot;}\">\n\t\t\t\t<div class=\"elementor-element elementor-element-69f6149 elementor-widget elementor-widget-heading\" data-id=\"69f6149\" data-element_type=\"widget\" data-e-type=\"widget\" data-widget_type=\"heading.default\">\n\t\t\t\t<div class=\"elementor-widget-container\">\n\t\t\t\t\t<h6 class=\"elementor-heading-title elementor-size-default\">02.<\/h6>\t\t\t\t<\/div>\n\t\t\t\t<\/div>\n\t\t\t\t<div class=\"elementor-element elementor-element-5a0bef1c elementor-widget elementor-widget-heading\" data-id=\"5a0bef1c\" data-element_type=\"widget\" data-e-type=\"widget\" data-widget_type=\"heading.default\">\n\t\t\t\t<div class=\"elementor-widget-container\">\n\t\t\t\t\t<h3 class=\"elementor-heading-title elementor-size-default\">Nuru-Massage\n<\/h3>\t\t\t\t<\/div>\n\t\t\t\t<\/div>\n\t\t\t\t<div class=\"elementor-element elementor-element-2bea4944 elementor-widget elementor-widget-text-editor\" data-id=\"2bea4944\" data-element_type=\"widget\" data-e-type=\"widget\" data-widget_type=\"text-editor.default\">\n\t\t\t\t<div class=\"elementor-widget-container\">\n\t\t\t\t\t\t\t\t\t<p>Die Nuru-Massage ist eine der sinnlichsten Massagearten der Welt und stammt aus Japan. Durchgef\u00fchrt mit einem speziellen Gel auf Algenbasis, erzeugt sie ein seidig-weiches Erlebnis, das einen engen, ganzk\u00f6rperlichen Kontakt erm\u00f6glicht \u2013 und so Ber\u00fchrung, Intimit\u00e4t und tiefe Entspannung zu einer unvergesslichen Sitzung verbindet.<\/p>\t\t\t\t\t\t\t\t<\/div>\n\t\t\t\t<\/div>\n\t\t\t\t<\/div>\n\t\t\t\t<\/div>\n\t\t<div class=\"elementor-element elementor-element-4ac3c529 e-con-full e-flex e-con e-child\" data-id=\"4ac3c529\" data-element_type=\"container\" data-e-type=\"container\">\n\t\t<div class=\"elementor-element elementor-element-57522549 e-con-full e-flex e-con e-child\" data-id=\"57522549\" data-element_type=\"container\" data-e-type=\"container\" data-settings=\"{&quot;background_background&quot;:&quot;classic&quot;}\">\n\t\t\t\t<div class=\"elementor-element elementor-element-6142fdb8 elementor-widget elementor-widget-heading\" data-id=\"6142fdb8\" data-element_type=\"widget\" data-e-type=\"widget\" data-widget_type=\"heading.default\">\n\t\t\t\t<div class=\"elementor-widget-container\">\n\t\t\t\t\t<h6 class=\"elementor-heading-title elementor-size-default\">03.<\/h6>\t\t\t\t<\/div>\n\t\t\t\t<\/div>\n\t\t\t\t<div class=\"elementor-element elementor-element-14d95953 elementor-widget elementor-widget-heading\" data-id=\"14d95953\" data-element_type=\"widget\" data-e-type=\"widget\" data-widget_type=\"heading.default\">\n\t\t\t\t<div class=\"elementor-widget-container\">\n\t\t\t\t\t<h3 class=\"elementor-heading-title elementor-size-default\">Exotische klassische Massage<\/h3>\t\t\t\t<\/div>\n\t\t\t\t<\/div>\n\t\t\t\t<div class=\"elementor-element elementor-element-5e7aa0c2 elementor-widget elementor-widget-text-editor\" data-id=\"5e7aa0c2\" data-element_type=\"widget\" data-e-type=\"widget\" data-widget_type=\"text-editor.default\">\n\t\t\t\t<div class=\"elementor-widget-container\">\n\t\t\t\t\t\t\t\t\t<p>Bei Aura Massage verbindet unsere exotische Massage klassische Techniken mit sinnlichen Elementen, um tiefe Entspannung zu erreichen und gleichzeitig Ihre Sinne zu wecken. Unsere erfahrenen und kompetenten Masseure verwenden sanfte, flie\u00dfende Bewegungen, um eine harmonische Verbindung zwischen K\u00f6rper und Geist herzustellen.<\/p>\t\t\t\t\t\t\t\t<\/div>\n\t\t\t\t<\/div>\n\t\t\t\t<\/div>\n\t\t<div class=\"elementor-element elementor-element-f12631 e-con-full e-flex e-con e-child\" data-id=\"f12631\" data-element_type=\"container\" data-e-type=\"container\" data-settings=\"{&quot;background_background&quot;:&quot;classic&quot;}\">\n\t\t\t\t<div class=\"elementor-element elementor-element-3c831655 elementor-widget elementor-widget-heading\" data-id=\"3c831655\" data-element_type=\"widget\" data-e-type=\"widget\" data-widget_type=\"heading.default\">\n\t\t\t\t<div class=\"elementor-widget-container\">\n\t\t\t\t\t<h6 class=\"elementor-heading-title elementor-size-default\">04.<\/h6>\t\t\t\t<\/div>\n\t\t\t\t<\/div>\n\t\t\t\t<div class=\"elementor-element elementor-element-a48f053 elementor-widget elementor-widget-heading\" data-id=\"a48f053\" data-element_type=\"widget\" data-e-type=\"widget\" data-widget_type=\"heading.default\">\n\t\t\t\t<div class=\"elementor-widget-container\">\n\t\t\t\t\t<h3 class=\"elementor-heading-title elementor-size-default\">Prostatamassage<\/h3>\t\t\t\t<\/div>\n\t\t\t\t<\/div>\n\t\t\t\t<div class=\"elementor-element elementor-element-13c1cd40 elementor-widget elementor-widget-text-editor\" data-id=\"13c1cd40\" data-element_type=\"widget\" data-e-type=\"widget\" data-widget_type=\"text-editor.default\">\n\t\t\t\t<div class=\"elementor-widget-container\">\n\t\t\t\t\t\t\t\t\t<p>Die Prostatamassage ist eine zutiefst therapeutische und intime Praxis, die sich auf einen der empfindlichsten und kraftvollsten Bereiche des m\u00e4nnlichen K\u00f6rpers konzentriert. Die Prostata, die manchmal auch als \u201em\u00e4nnlicher G-Punkt\u201c bezeichnet wird, ist eine wichtige Quelle f\u00fcr k\u00f6rperliches Vergn\u00fcgen und emotionale Entladung.<\/p>\t\t\t\t\t\t\t\t<\/div>\n\t\t\t\t<\/div>\n\t\t\t\t<\/div>\n\t\t\t\t<\/div>\n\t\t<div class=\"elementor-element elementor-element-61504850 e-con-full e-flex e-con e-child\" data-id=\"61504850\" data-element_type=\"container\" data-e-type=\"container\">\n\t\t<div class=\"elementor-element elementor-element-25c23aba e-con-full e-flex e-con e-child\" data-id=\"25c23aba\" data-element_type=\"container\" data-e-type=\"container\" data-settings=\"{&quot;background_background&quot;:&quot;classic&quot;}\">\n\t\t\t\t<div class=\"elementor-element elementor-element-2cab6106 elementor-widget elementor-widget-heading\" data-id=\"2cab6106\" data-element_type=\"widget\" data-e-type=\"widget\" data-widget_type=\"heading.default\">\n\t\t\t\t<div class=\"elementor-widget-container\">\n\t\t\t\t\t<h6 class=\"elementor-heading-title elementor-size-default\">05.<\/h6>\t\t\t\t<\/div>\n\t\t\t\t<\/div>\n\t\t\t\t<div class=\"elementor-element elementor-element-40f05934 elementor-widget elementor-widget-heading\" data-id=\"40f05934\" data-element_type=\"widget\" data-e-type=\"widget\" data-widget_type=\"heading.default\">\n\t\t\t\t<div class=\"elementor-widget-container\">\n\t\t\t\t\t<h3 class=\"elementor-heading-title elementor-size-default\">Paarmassage\n<\/h3>\t\t\t\t<\/div>\n\t\t\t\t<\/div>\n\t\t\t\t<div class=\"elementor-element elementor-element-5f62873c elementor-widget elementor-widget-text-editor\" data-id=\"5f62873c\" data-element_type=\"widget\" data-e-type=\"widget\" data-widget_type=\"text-editor.default\">\n\t\t\t\t<div class=\"elementor-widget-container\">\n\t\t\t\t\t\t\t\t\t<p>Erleben Sie Intimit\u00e4t und Entspannung gemeinsam mit unserer Paarmassage \u2013 eine gemeinsame Reise der Ber\u00fchrung, Verbindung und Harmonie. Seite an Seite genie\u00dfen Sie und Ihr Partner synchronisierte Massagen, die die Sinne wecken, Verspannungen l\u00f6sen und die emotionale und k\u00f6rperliche N\u00e4he vertiefen. Es ist der perfekte Weg, um sich wieder zu verbinden und einen Moment nur f\u00fcr Sie beide zu genie\u00dfen.<\/p>\t\t\t\t\t\t\t\t<\/div>\n\t\t\t\t<\/div>\n\t\t\t\t<\/div>\n\t\t<div class=\"elementor-element elementor-element-3e4b0e70 e-con-full e-flex e-con e-child\" data-id=\"3e4b0e70\" data-element_type=\"container\" data-e-type=\"container\" data-settings=\"{&quot;background_background&quot;:&quot;classic&quot;}\">\n\t\t\t\t<div class=\"elementor-element elementor-element-517dd3d9 elementor-widget elementor-widget-heading\" data-id=\"517dd3d9\" data-element_type=\"widget\" data-e-type=\"widget\" data-widget_type=\"heading.default\">\n\t\t\t\t<div class=\"elementor-widget-container\">\n\t\t\t\t\t<h6 class=\"elementor-heading-title elementor-size-default\">06.<\/h6>\t\t\t\t<\/div>\n\t\t\t\t<\/div>\n\t\t\t\t<div class=\"elementor-element elementor-element-7f9c672b elementor-widget elementor-widget-heading\" data-id=\"7f9c672b\" data-element_type=\"widget\" data-e-type=\"widget\" data-widget_type=\"heading.default\">\n\t\t\t\t<div class=\"elementor-widget-container\">\n\t\t\t\t\t<h3 class=\"elementor-heading-title elementor-size-default\">4-Hand-Massage\n<\/h3>\t\t\t\t<\/div>\n\t\t\t\t<\/div>\n\t\t\t\t<div class=\"elementor-element elementor-element-49e88ed3 elementor-widget elementor-widget-text-editor\" data-id=\"49e88ed3\" data-element_type=\"widget\" data-e-type=\"widget\" data-widget_type=\"text-editor.default\">\n\t\t\t\t<div class=\"elementor-widget-container\">\n\t\t\t\t\t\t\t\t\t<p>Zwei Masseurinnen arbeiten in perfekter Synchronisation, um Ihnen ein unvergleichliches Gef\u00fchl von Harmonie und Ruhe zu vermitteln. Ihre gleichzeitige Ber\u00fchrung f\u00f6rdert eine tiefere Entspannung, l\u00f6st effektiv Verspannungen und regt die Durchblutung an \u2013 f\u00fcr ein wahrhaft intensives Erlebnis.<\/p>\t\t\t\t\t\t\t\t<\/div>\n\t\t\t\t<\/div>\n\t\t\t\t<\/div>\n\t\t\t\t<\/div>\n\t\t<div class=\"elementor-element elementor-element-2cbbda5 e-con-full e-flex e-con e-child\" data-id=\"2cbbda5\" data-element_type=\"container\" data-e-type=\"container\">\n\t\t<div class=\"elementor-element elementor-element-29c2d6c8 e-con-full elementor-hidden-desktop elementor-hidden-tablet elementor-hidden-mobile e-flex e-con e-child\" data-id=\"29c2d6c8\" data-element_type=\"container\" data-e-type=\"container\" data-settings=\"{&quot;background_background&quot;:&quot;classic&quot;}\">\n\t\t\t\t<div class=\"elementor-element elementor-element-344a27a9 elementor-widget elementor-widget-heading\" data-id=\"344a27a9\" data-element_type=\"widget\" data-e-type=\"widget\" data-widget_type=\"heading.default\">\n\t\t\t\t<div class=\"elementor-widget-container\">\n\t\t\t\t\t<h6 class=\"elementor-heading-title elementor-size-default\">07.<\/h6>\t\t\t\t<\/div>\n\t\t\t\t<\/div>\n\t\t\t\t<div class=\"elementor-element elementor-element-341a78f6 elementor-widget elementor-widget-heading\" data-id=\"341a78f6\" data-element_type=\"widget\" data-e-type=\"widget\" data-widget_type=\"heading.default\">\n\t\t\t\t<div class=\"elementor-widget-container\">\n\t\t\t\t\t<h3 class=\"elementor-heading-title elementor-size-default\">Lingam-Massage - eine Reise tiefer maskuliner\nEnergie<\/h3>\t\t\t\t<\/div>\n\t\t\t\t<\/div>\n\t\t\t\t<div class=\"elementor-element elementor-element-6261dc2d elementor-widget elementor-widget-text-editor\" data-id=\"6261dc2d\" data-element_type=\"widget\" data-e-type=\"widget\" data-widget_type=\"text-editor.default\">\n\t\t\t\t<div class=\"elementor-widget-container\">\n\t\t\t\t\t\t\t\t\t<p>Die Lingam-Massage ist ein heiliges tantrisches Ritual, das dazu dient, die m\u00e4nnliche Energie im Inneren zu ehren und zu erwecken. Sie ist weit mehr als eine physische Erfahrung \u2013 sie ist eine tiefe Erforschung von Entspannung, Intimit\u00e4t und energetischer Entladung. Durch langsame, bewusste Ber\u00fchrungen und rhythmische Bewegungen hilft diese Massage, Verspannungen zu l\u00f6sen, die Sensibilit\u00e4t zu erh\u00f6hen und das Bewusstsein f\u00fcr oft vernachl\u00e4ssigte Bereiche des K\u00f6rpers zu sch\u00e4rfen. Das Ziel ist nicht die sofortige Befriedigung, sondern die Erweiterung des Vergn\u00fcgens, die Vertiefung der Verbindung mit Ihrem K\u00f6rper und al \u201e\u201c Energie, damit sie frei flie\u00dfen kann.<\/p>\t\t\t\t\t\t\t\t<\/div>\n\t\t\t\t<\/div>\n\t\t\t\t<\/div>\n\t\t<div class=\"elementor-element elementor-element-26ffd646 e-con-full elementor-hidden-desktop elementor-hidden-tablet elementor-hidden-mobile e-flex e-con e-child\" data-id=\"26ffd646\" data-element_type=\"container\" data-e-type=\"container\" data-settings=\"{&quot;background_background&quot;:&quot;classic&quot;}\">\n\t\t\t\t<div class=\"elementor-element elementor-element-3d609e7a elementor-widget elementor-widget-heading\" data-id=\"3d609e7a\" data-element_type=\"widget\" data-e-type=\"widget\" data-widget_type=\"heading.default\">\n\t\t\t\t<div class=\"elementor-widget-container\">\n\t\t\t\t\t<h6 class=\"elementor-heading-title elementor-size-default\">08.<\/h6>\t\t\t\t<\/div>\n\t\t\t\t<\/div>\n\t\t\t\t<div class=\"elementor-element elementor-element-6bc6f9fd elementor-widget elementor-widget-heading\" data-id=\"6bc6f9fd\" data-element_type=\"widget\" data-e-type=\"widget\" data-widget_type=\"heading.default\">\n\t\t\t\t<div class=\"elementor-widget-container\">\n\t\t\t\t\t<h3 class=\"elementor-heading-title elementor-size-default\">Dunkles Tantra<\/h3>\t\t\t\t<\/div>\n\t\t\t\t<\/div>\n\t\t\t\t<div class=\"elementor-element elementor-element-2fe463c3 elementor-widget elementor-widget-text-editor\" data-id=\"2fe463c3\" data-element_type=\"widget\" data-e-type=\"widget\" data-widget_type=\"text-editor.default\">\n\t\t\t\t<div class=\"elementor-widget-container\">\n\t\t\t\t\t\t\t\t\t<p>Dark Tantra ist eine einzigartige und intensive Erfahrung, die den sinnlichen Fluss der traditionellen tantrischen Massage mit den weichen Elementen von Dominanz und Unterwerfung verbindet. Es ist f\u00fcr diejenigen gedacht, die eine tiefere Erforschung von Vertrauen, Hingabe und erotischer Energie suchen.<br>Dieses Ritual kombiniert K\u00f6rper-zu-K\u00f6rper-Massage, achtsame Ber\u00fchrung und leichte Kontrolltechniken \u2013 immer praktiziert mit Respekt, klaren Grenzen und tiefer Pr\u00e4senz. Es ist eine Reise, auf der Vergn\u00fcgen auf Macht trifft, auf der Hingabe zur Befreiung wird und auf der Ihre Sinne auf unerwartete Weise geweckt werden.<\/p><p>Dark Tantra ist nicht aggressiv oder schmerzhaft \u2013 es ist ein raffinierter Tanz zwischen Vergn\u00fcgen, Kontrolle und sinnlicher Verbindung, geleitet von Energie, Absicht und Intuition.<\/p>\t\t\t\t\t\t\t\t<\/div>\n\t\t\t\t<\/div>\n\t\t\t\t<\/div>\n\t\t\t\t<\/div>\n\t\t<div class=\"elementor-element elementor-element-1b1494ab e-con-full e-flex e-con e-child\" data-id=\"1b1494ab\" data-element_type=\"container\" data-e-type=\"container\">\n\t\t<div class=\"elementor-element elementor-element-3b7104ae e-con-full e-flex e-con e-child\" data-id=\"3b7104ae\" data-element_type=\"container\" data-e-type=\"container\" data-settings=\"{&quot;background_background&quot;:&quot;classic&quot;}\">\n\t\t\t\t<div class=\"elementor-element elementor-element-407059e7 elementor-widget elementor-widget-heading\" data-id=\"407059e7\" data-element_type=\"widget\" data-e-type=\"widget\" data-widget_type=\"heading.default\">\n\t\t\t\t<div class=\"elementor-widget-container\">\n\t\t\t\t\t<h6 class=\"elementor-heading-title elementor-size-default\">07.<\/h6>\t\t\t\t<\/div>\n\t\t\t\t<\/div>\n\t\t\t\t<div class=\"elementor-element elementor-element-2790567 elementor-widget elementor-widget-heading\" data-id=\"2790567\" data-element_type=\"widget\" data-e-type=\"widget\" data-widget_type=\"heading.default\">\n\t\t\t\t<div class=\"elementor-widget-container\">\n\t\t\t\t\t<h3 class=\"elementor-heading-title elementor-size-default\">Tantra-Massage f\u00fcr Frauen <\/h3>\t\t\t\t<\/div>\n\t\t\t\t<\/div>\n\t\t\t\t<div class=\"elementor-element elementor-element-196a6565 elementor-widget elementor-widget-text-editor\" data-id=\"196a6565\" data-element_type=\"widget\" data-e-type=\"widget\" data-widget_type=\"text-editor.default\">\n\t\t\t\t<div class=\"elementor-widget-container\">\n\t\t\t\t\t\t\t\t\t<p>Die Tantra-Massage ist eine sanfte und heilige tantrische Praxis, die speziell f\u00fcr Frauen entwickelt wurde. Das Wort<br>\u201eTantra\u201c aus dem Sanskrit bedeutet \u201eheiliger Raum\u201c und repr\u00e4sentiert den weiblichen Intimbereich \u2013 sowohl physisch als auch energetisch.<br>Diese zutiefst entspannende und respektvolle Massage zielt darauf ab, Verspannungen zu l\u00f6sen, die weibliche Energie zu erwecken und Frauen zu helfen, sich wieder mit ihrem K\u00f6rper, ihrem Vergn\u00fcgen und ihren Emotionen zu verbinden. Durch achtsame Ber\u00fchrung und langsame, bewusste Bewegungen schafft die Massage einen sicheren Raum f\u00fcr Heilung, Vertrauen und inneres Erwachen. Es ist nicht nur eine physische Erfahrung, sondern eine Reise der Selbstliebe, der emotionalen Befreiung und des sinnlichen Erwachens.<\/p>\t\t\t\t\t\t\t\t<\/div>\n\t\t\t\t<\/div>\n\t\t\t\t<\/div>\n\t\t\t\t<\/div>\n\t\t\t\t<\/div>\n\t\t\t\t\t<\/div>\n\t\t\t\t<\/div>\n\t\t\t\t<\/div>\n\t\t","protected":false},"excerpt":{"rendered":"<p>Lernen Sie unsere kennen Massagen 01. Sinnliches Tantra Tantra ist eine sinnliche K\u00f6rper-zu-K\u00f6rper-Massage, eine transformative Erfahrung, die in alter Tradition verwurzelt ist. Sie erweckt die Sinne, l\u00f6st Verspannungen durch sinnliche und achtsame Ber\u00fchrung und bringt K\u00f6rper, Geist und Seele in Einklang. 02. Nuru-Massage Die Nuru-Massage ist eine der sinnlichsten Massagearten der Welt und stammt aus [&hellip;]<\/p>\n","protected":false},"author":1,"featured_media":0,"parent":0,"menu_order":0,"comment_status":"closed","ping_status":"closed","template":"","meta":{"site-sidebar-layout":"no-sidebar","site-content-layout":"page-builder","ast-site-content-layout":"full-width-container","site-content-style":"unboxed","site-sidebar-style":"unboxed","ast-global-header-display":"","ast-banner-title-visibility":"","ast-main-header-display":"","ast-hfb-above-header-display":"","ast-hfb-below-header-display":"","ast-hfb-mobile-header-display":"","site-post-title":"disabled","ast-breadcrumbs-content":"disabled","ast-featured-img":"disabled","footer-sml-layout":"","ast-disable-related-posts":"","theme-transparent-header-meta":"enabled","adv-header-id-meta":"","stick-header-meta":"","header-above-stick-meta":"","header-main-stick-meta":"","header-below-stick-meta":"","astra-migrate-meta-layouts":"default","ast-page-background-enabled":"default","ast-page-background-meta":{"desktop":{"background-color":"var(--ast-global-color-4)","background-image":"","background-repeat":"repeat","background-position":"center center","background-size":"auto","background-attachment":"scroll","background-type":"","background-media":"","overlay-type":"","overlay-color":"","overlay-opacity":"","overlay-gradient":""},"tablet":{"background-color":"","background-image":"","background-repeat":"repeat","background-position":"center center","background-size":"auto","background-attachment":"scroll","background-type":"","background-media":"","overlay-type":"","overlay-color":"","overlay-opacity":"","overlay-gradient":""},"mobile":{"background-color":"","background-image":"","background-repeat":"repeat","background-position":"center center","background-size":"auto","background-attachment":"scroll","background-type":"","background-media":"","overlay-type":"","overlay-color":"","overlay-opacity":"","overlay-gradient":""}},"ast-content-background-meta":{"desktop":{"background-color":"var(--ast-global-color-5)","background-image":"","background-repeat":"repeat","background-position":"center center","background-size":"auto","background-attachment":"scroll","background-type":"","background-media":"","overlay-type":"","overlay-color":"","overlay-opacity":"","overlay-gradient":""},"tablet":{"background-color":"var(--ast-global-color-5)","background-image":"","background-repeat":"repeat","background-position":"center center","background-size":"auto","background-attachment":"scroll","background-type":"","background-media":"","overlay-type":"","overlay-color":"","overlay-opacity":"","overlay-gradient":""},"mobile":{"background-color":"var(--ast-global-color-5)","background-image":"","background-repeat":"repeat","background-position":"center center","background-size":"auto","background-attachment":"scroll","background-type":"","background-media":"","overlay-type":"","overlay-color":"","overlay-opacity":"","overlay-gradient":""}},"footnotes":""},"class_list":["post-2371","page","type-page","status-publish","hentry"],"_links":{"self":[{"href":"https:\/\/massage-studio-aura.at\/de\/wp-json\/wp\/v2\/pages\/2371","targetHints":{"allow":["GET"]}}],"collection":[{"href":"https:\/\/massage-studio-aura.at\/de\/wp-json\/wp\/v2\/pages"}],"about":[{"href":"https:\/\/massage-studio-aura.at\/de\/wp-json\/wp\/v2\/types\/page"}],"author":[{"embeddable":true,"href":"https:\/\/massage-studio-aura.at\/de\/wp-json\/wp\/v2\/users\/1"}],"replies":[{"embeddable":true,"href":"https:\/\/massage-studio-aura.at\/de\/wp-json\/wp\/v2\/comments?post=2371"}],"version-history":[{"count":1,"href":"https:\/\/massage-studio-aura.at\/de\/wp-json\/wp\/v2\/pages\/2371\/revisions"}],"predecessor-version":[{"id":2372,"href":"https:\/\/massage-studio-aura.at\/de\/wp-json\/wp\/v2\/pages\/2371\/revisions\/2372"}],"wp:attachment":[{"href":"https:\/\/massage-studio-aura.at\/de\/wp-json\/wp\/v2\/media?parent=2371"}],"curies":[{"name":"wp","href":"https:\/\/api.w.org\/{rel}","templated":true}]}}